{"id":11,"date":"2016-08-25T00:34:01","date_gmt":"2016-08-25T00:34:01","guid":{"rendered":"http:\/\/urav.com.ar\/wp\/?page_id=11"},"modified":"2020-04-04T15:25:29","modified_gmt":"2020-04-04T18:25:29","slug":"historia","status":"publish","type":"page","link":"https:\/\/urav.com.ar\/wp\/institucional\/historia\/","title":{"rendered":"Historia"},"content":{"rendered":"\n<figure class=\"wp-block-image\"><img loading=\"lazy\" decoding=\"async\" width=\"1280\" height=\"1008\" data-attachment-id=\"1598\" data-permalink=\"https:\/\/urav.com.ar\/wp\/institucional\/historia\/whatsapp-image-2020-04-01-at-8-50-12-am-1\/\" data-orig-file=\"https:\/\/i0.wp.com\/urav.com.ar\/wp\/wp-content\/uploads\/2020\/04\/WhatsApp-Image-2020-04-01-at-8.50.12-AM-1.jpeg?fit=1280%2C1008&amp;ssl=1\" data-orig-size=\"1280,1008\" data-comments-opened=\"1\" data-image-meta=\"{&quot;aperture&quot;:&quot;0&quot;,&quot;credit&quot;:&quot;&quot;,&quot;camera&quot;:&quot;&quot;,&quot;caption&quot;:&quot;&quot;,&quot;created_timestamp&quot;:&quot;0&quot;,&quot;copyright&quot;:&quot;&quot;,&quot;focal_length&quot;:&quot;0&quot;,&quot;iso&quot;:&quot;0&quot;,&quot;shutter_speed&quot;:&quot;0&quot;,&quot;title&quot;:&quot;&quot;,&quot;orientation&quot;:&quot;0&quot;}\" data-image-title=\"WhatsApp-Image-2020-04-01-at-8.50.12-AM-1\" data-image-description=\"\" data-image-caption=\"\" data-large-file=\"https:\/\/i0.wp.com\/urav.com.ar\/wp\/wp-content\/uploads\/2020\/04\/WhatsApp-Image-2020-04-01-at-8.50.12-AM-1.jpeg?fit=677%2C533&amp;ssl=1\" src=\"https:\/\/i1.wp.com\/urav.com.ar\/wp\/wp-content\/uploads\/2020\/04\/WhatsApp-Image-2020-04-01-at-8.50.12-AM-1.jpeg?fit=677%2C533\" alt=\"\" class=\"wp-image-1598\" srcset=\"https:\/\/i0.wp.com\/urav.com.ar\/wp\/wp-content\/uploads\/2020\/04\/WhatsApp-Image-2020-04-01-at-8.50.12-AM-1.jpeg?w=1280&amp;ssl=1 1280w, https:\/\/i0.wp.com\/urav.com.ar\/wp\/wp-content\/uploads\/2020\/04\/WhatsApp-Image-2020-04-01-at-8.50.12-AM-1.jpeg?resize=300%2C236&amp;ssl=1 300w, https:\/\/i0.wp.com\/urav.com.ar\/wp\/wp-content\/uploads\/2020\/04\/WhatsApp-Image-2020-04-01-at-8.50.12-AM-1.jpeg?resize=768%2C605&amp;ssl=1 768w, https:\/\/i0.wp.com\/urav.com.ar\/wp\/wp-content\/uploads\/2020\/04\/WhatsApp-Image-2020-04-01-at-8.50.12-AM-1.jpeg?resize=1024%2C806&amp;ssl=1 1024w, https:\/\/i0.wp.com\/urav.com.ar\/wp\/wp-content\/uploads\/2020\/04\/WhatsApp-Image-2020-04-01-at-8.50.12-AM-1.jpeg?resize=128%2C101&amp;ssl=1 128w, https:\/\/i0.wp.com\/urav.com.ar\/wp\/wp-content\/uploads\/2020\/04\/WhatsApp-Image-2020-04-01-at-8.50.12-AM-1.jpeg?resize=32%2C25&amp;ssl=1 32w\" sizes=\"auto, (max-width: 677px) 100vw, 677px\" \/><\/figure>\n\n\n<p class=\"text_5\">El 06\/06\/1959 fue la primera reuni\u00f3n de la Uni\u00f3n de Rugby del Alto Valle en el \u00abClub Social Amigos de Allen\u00bb. Estuvieron presentes el Dr. Jorge Hern\u00e1ndez Gil y el Dr. Jorge Cortez Rearte, seg\u00fan consta en la 1\u00b0 acta. Su objetivo era \u00abformar la uni\u00f3n de rugby del Alto Valle de R\u00edo Negro y Neuqu\u00e9n. Si bien no se nombra comisi\u00f3n definitiva, se organiza el primer torneo y se lo denomina \u00abApertura\u00bb, del cual participaron cinco equipos: Cipolletti, Tr\u00e9bol, Allen, Roca e YPF. Por falta de recursos se acuerda que el equipo libre fiscalice los partidos de ese fin de semana y tambi\u00e9n se detemina por razones laborales que YPF jugar\u00e1 los domingos.<\/p>\n<p>El primer presidente de la URAV fue el Sr. Roberto Enrique Puccino (de Roca) y fue elegido el 15\/08\/1959. El resto de la comisi\u00f3n directiva estaba compuesta de la siguiente forma:<\/p>\n<p>Vicepresidente: Dr. Jorge Cortez Rearte (Allen)<\/p>\n<p>Secretario: Dr. Carlos Berjolis (Cipolletti)<\/p>\n<p>Pro Secretario: Sr. Luis Marie Gil (Tr\u00e9bol)<\/p>\n<p>Tesorero: Sr. H\u00e9ctor Vairolatti (Cinco Saltos)<\/p>\n<p>Pro Tesorero: Ing. Daniel Valencio (YPF)<\/p>\n<p>Secretario de actas: Sr. Jos\u00e9 Hugo Coronato (YPF)<\/p>\n<p>Vocales:<\/p>\n<p>Sr. Ricardo Dijtar (Cipolletti)<\/p>\n<p>Sr. Germ\u00e1n Soules (Cinco Saltos)<\/p>\n<p>Sr. Osvaldo Fieg (Tr\u00e9bol)<\/p>\n<p>Sr. H\u00e9ctor Amado (Allen)<\/p>\n<p>Dr. Jorge Hern\u00e1ndez (Roca)<\/p>\n<p>\u00a0<\/p>\n<p>La URAV hasta el d\u00eda de hoy tuvo siete presidentes, el primero fue Roberto Enrique Puccino y le siguieron:<\/p>\n<p>28\/06\/1991: \u00c1ngel Juan Palma<\/p>\n<p>22\/03\/1999: Marcelo Berenguer<\/p>\n<p>25\/06\/2003: Miguel \u00c1ngel Blok<\/p>\n<p>21\/08\/2007: Jorge Izaguirre<\/p>\n<p>16\/04\/2012: Javier Alberto Lastreto<\/p>\n<p>26\/01\/2014 (hasta la actualidad): Jorge Tacco<\/p>\n<p>\u00a0<\/p>","protected":false},"excerpt":{"rendered":"<p>El 06\/06\/1959 fue la primera reuni\u00f3n de la Uni\u00f3n de Rugby del Alto Valle en el \u00abClub Social Amigos de Allen\u00bb. Estuvieron presentes el Dr. Jorge Hern\u00e1ndez Gil y el Dr. Jorge Cortez Rearte, seg\u00fan consta en la 1\u00b0 acta. Su objetivo era \u00abformar la uni\u00f3n de rugby del Alto Valle de R\u00edo Negro y Neuqu\u00e9n. Si bien no se nombra comisi\u00f3n definitiva, se organiza el primer torneo y se&hellip; <\/p>\n","protected":false},"author":2,"featured_media":0,"parent":9,"menu_order":0,"comment_status":"closed","ping_status":"closed","template":"","meta":{"jetpack_post_was_ever_published":false,"footnotes":""},"class_list":["post-11","page","type-page","status-publish","hentry"],"jetpack_sharing_enabled":true,"jetpack_shortlink":"https:\/\/wp.me\/P8yiRv-b","jetpack-related-posts":[{"id":13,"url":"https:\/\/urav.com.ar\/wp\/institucional\/autoridades\/","url_meta":{"origin":11,"position":0},"title":"Autoridades","author":"URAV","date":"25 agosto, 2016","format":false,"excerpt":"Presidente: Jorge Tacco (Neuqu\u00e9n Rugby Club) Vicepresidente :Fabi\u00e1n Alberto Zalazar (Catriel Rugby Club) Tesorero : Eric Hugo Gonz\u00e1lez (Conejos Rugby Club) Secretario de Actas :Guillermo Jorge D\u00edaz (CLub Universitario del Comahue) Secretario General :Manuel Marcelo Crespo (Picasa Rugby Club) Vocales Titulares: Elisa Beatriz Guzzetta (Patagonia Rugby Club) Luis L\u00f3pez de\u2026","rel":"","context":"Entrada similar","block_context":{"text":"Entrada similar","link":""},"img":{"alt_text":"","src":"","width":0,"height":0},"classes":[]},{"id":42,"url":"https:\/\/urav.com.ar\/wp\/contacto\/","url_meta":{"origin":11,"position":1},"title":"Contacto","author":"URAV","date":"25 agosto, 2016","format":false,"excerpt":"D\u00f3nde estamos? Informaci\u00f3n de Contacto Uni\u00f3n de Rugby del Alto Valle Tucum\u00e1n 799 (8300) Neuqu\u00e9n, Patagonia Argentina Tel\u00e9fono: 0299 443 1115 E-mail: administracion@urav.com.ar Instagram: @urav.oficial Facebook: URAV - Uni\u00f3n de Rugby del Alto Valle Horario de atenci\u00f3n: Miercoles de 18 a 22\u00a0hs. Lunes, Martes, Jueves y Viernes de 16 a\u2026","rel":"","context":"Entrada similar","block_context":{"text":"Entrada similar","link":""},"img":{"alt_text":"","src":"","width":0,"height":0},"classes":[]},{"id":17,"url":"https:\/\/urav.com.ar\/wp\/institucional\/clubes\/","url_meta":{"origin":11,"position":2},"title":"Clubes","author":"URAV","date":"25 agosto, 2016","format":false,"excerpt":"Alcaman Direcci\u00f3n: Av. Lonquimay 500 (Zapala) Tel\u00e9fono: 02942 15693968 (Norberto Zambeli) Correo electr\u00f3nico: zampoqui@gmail.com Facebook: Asociaci\u00f3n Alcaman Rugby P\u00e1gina Oficial \u00a0 Allen R.C. Direcci\u00f3n: Isla 16 (Allen) Tel\u00e9fonos: 2984502033 \/ 29844311056 Correo electr\u00f3nico: allenrugbyclub@hotmail.com \u00a0 Catriel R.C. Direcci\u00f3n: Acceso Sur Tel\u00e9fonos: 299 5134947 \/ 299 4083625 Correo electr\u00f3nico: alejandro_zalazar@hotmail.com \/\u2026","rel":"","context":"Entrada similar","block_context":{"text":"Entrada similar","link":""},"img":{"alt_text":"","src":"","width":0,"height":0},"classes":[]},{"id":1636,"url":"https:\/\/urav.com.ar\/wp\/mision\/","url_meta":{"origin":11,"position":3},"title":"Misi\u00f3n","author":"Pia Borja","date":"21 mayo, 2020","format":false,"excerpt":"La misi\u00f3n de la Uni\u00f3n de Rugby del Alto Valle de R\u00edo Negro y Neuqu\u00e9n es se un medio para la formaci\u00f3n de valores \u00e9ticos, desarrollo psicof\u00edsico de las personas mediante acciones en el juego y su entorno que nos direccionen hacia una sociedad \u00edntegra, respetuosa y solidaria.","rel":"","context":"Entrada similar","block_context":{"text":"Entrada similar","link":""},"img":{"alt_text":"","src":"","width":0,"height":0},"classes":[]},{"id":1629,"url":"https:\/\/urav.com.ar\/wp\/banco-virtual-de-donaciones-urav\/","url_meta":{"origin":11,"position":4},"title":"Banco Virtual de Donaciones","author":"Pia Borja","date":"21 mayo, 2020","format":false,"excerpt":"Desde la Uni\u00f3n de Rugby del Alto Valle (URAV) en conjunto con Red Solidaria lanzamon el Banco Virtual de Donaciones. Solicitamos que quienes tengan cocinas, garrafas, heladeras, lavarropas, mesas, sillas o televisores completen un formulario, eso va al Banco Virtual de Donaciones y, en caso de que alguna instituci\u00f3n o\u2026","rel":"","context":"Entrada similar","block_context":{"text":"Entrada similar","link":""},"img":{"alt_text":"","src":"","width":0,"height":0},"classes":[]},{"id":1890,"url":"https:\/\/urav.com.ar\/wp\/tabla-de-posiciones\/","url_meta":{"origin":11,"position":5},"title":"Tabla de Posiciones","author":"Pia Borja","date":"9 agosto, 2021","format":false,"excerpt":"PRIMERA PTSPJPGPEPPPFPCBTBDMarabunta RC1433175382Neuqu\u00e9n RC9321117581Roca RC43126981Dinos RC133322161 PRIMERA INTER PTSPJPGPEPPPFPCBTBDMRC Inter.10321110282NRC Inter.922121161La Picasa521142401Patagonia4112819Allen RC03317194 M2 PTSPJPGPEPPPFPCBTBDNeuqu\u00e9n RC5117551Roca RC5115951Dinos RC011575Marabunta RC0Catriel RC011559","rel":"","context":"Entrada similar","block_context":{"text":"Entrada similar","link":""},"img":{"alt_text":"","src":"","width":0,"height":0},"classes":[]}],"jetpack_likes_enabled":true,"_links":{"self":[{"href":"https:\/\/urav.com.ar\/wp\/wp-json\/wp\/v2\/pages\/11","targetHints":{"allow":["GET"]}}],"collection":[{"href":"https:\/\/urav.com.ar\/wp\/wp-json\/wp\/v2\/pages"}],"about":[{"href":"https:\/\/urav.com.ar\/wp\/wp-json\/wp\/v2\/types\/page"}],"author":[{"embeddable":true,"href":"https:\/\/urav.com.ar\/wp\/wp-json\/wp\/v2\/users\/2"}],"replies":[{"embeddable":true,"href":"https:\/\/urav.com.ar\/wp\/wp-json\/wp\/v2\/comments?post=11"}],"version-history":[{"count":3,"href":"https:\/\/urav.com.ar\/wp\/wp-json\/wp\/v2\/pages\/11\/revisions"}],"predecessor-version":[{"id":1601,"href":"https:\/\/urav.com.ar\/wp\/wp-json\/wp\/v2\/pages\/11\/revisions\/1601"}],"up":[{"embeddable":true,"href":"https:\/\/urav.com.ar\/wp\/wp-json\/wp\/v2\/pages\/9"}],"wp:attachment":[{"href":"https:\/\/urav.com.ar\/wp\/wp-json\/wp\/v2\/media?parent=11"}],"curies":[{"name":"wp","href":"https:\/\/api.w.org\/{rel}","templated":true}]}}